{"id":52,"date":"2022-02-19T08:51:22","date_gmt":"2022-02-19T07:51:22","guid":{"rendered":"https:\/\/antoinix.be\/?page_id=52"},"modified":"2022-10-05T10:30:54","modified_gmt":"2022-10-05T08:30:54","slug":"liens-en-vrac","status":"publish","type":"page","link":"https:\/\/antoinix.be\/?page_id=52","title":{"rendered":"Liens en vrac"},"content":{"rendered":"<p style=\"text-align: left;\">Sur cette page vous trouverez les liens vers les logiciels, sites, services etc&#8230; que nous abordons pendant nos ateliers<\/p>\n<p><span style=\"text-decoration: underline;\">Agenda du Libre<\/span><\/p>\n<p>Nos activit\u00e9s sont r\u00e9f\u00e9renc\u00e9es sur le site Agenda du Libre:<\/p>\n<p><a href=\"https:\/\/www.agendadulibre.org\/\">https:\/\/www.agendadulibre.org\/<\/a><\/p>\n<p style=\"text-align: left;\"><span style=\"text-decoration: underline;\">Fsearch<\/span><\/p>\n<p><span style=\"font-family: Ubuntu;\"><span style=\"font-size: medium;\">Fsearch est un logiciel en GUI (Graphical Unit Interface, Interface Graphique) d\u00e9di\u00e9 \u00e0 la recherche fichiers, dossier etc. Il est simple d\u2019utilisation et tr\u00e8s puissant.<\/span><\/span><\/p>\n<p>Lien: <a href=\"https:\/\/www.omgubuntu.co.uk\/fsearch-fast-file-search-tool-for-ubuntu-linux\">https:\/\/www.omgubuntu.co.uk\/fsearch-fast-file-search-tool-for-ubuntu-linux<\/a><\/p>\n<p>&nbsp;<\/p>\n","protected":false},"excerpt":{"rendered":"<p>Sur cette page vous trouverez les liens vers les logiciels, sites, services etc&#8230; que nous abordons pendant nos ateliers Agenda du Libre Nos activit\u00e9s sont r\u00e9f\u00e9renc\u00e9es sur le site Agenda du Libre: https:\/\/www.agendadulibre.org\/ Fsearch Fsearch est un logiciel en GUI (Graphical Unit Interface, Interface Graphique) d\u00e9di\u00e9 \u00e0 la recherche fichiers, dossier etc. Il est simple [&hellip;]<\/p>\n","protected":false},"author":1,"featured_media":0,"parent":0,"menu_order":0,"comment_status":"closed","ping_status":"closed","template":"","meta":{"footnotes":""},"class_list":["post-52","page","type-page","status-publish","hentry"],"_links":{"self":[{"href":"https:\/\/antoinix.be\/index.php?rest_route=\/wp\/v2\/pages\/52","targetHints":{"allow":["GET"]}}],"collection":[{"href":"https:\/\/antoinix.be\/index.php?rest_route=\/wp\/v2\/pages"}],"about":[{"href":"https:\/\/antoinix.be\/index.php?rest_route=\/wp\/v2\/types\/page"}],"author":[{"embeddable":true,"href":"https:\/\/antoinix.be\/index.php?rest_route=\/wp\/v2\/users\/1"}],"replies":[{"embeddable":true,"href":"https:\/\/antoinix.be\/index.php?rest_route=%2Fwp%2Fv2%2Fcomments&post=52"}],"version-history":[{"count":13,"href":"https:\/\/antoinix.be\/index.php?rest_route=\/wp\/v2\/pages\/52\/revisions"}],"predecessor-version":[{"id":83,"href":"https:\/\/antoinix.be\/index.php?rest_route=\/wp\/v2\/pages\/52\/revisions\/83"}],"wp:attachment":[{"href":"https:\/\/antoinix.be\/index.php?rest_route=%2Fwp%2Fv2%2Fmedia&parent=52"}],"curies":[{"name":"wp","href":"https:\/\/api.w.org\/{rel}","templated":true}]}}