{"id":34,"date":"2021-12-03T23:03:51","date_gmt":"2021-12-03T22:03:51","guid":{"rendered":"https:\/\/antoinix.be\/?page_id=34"},"modified":"2022-10-18T10:33:08","modified_gmt":"2022-10-18T08:33:08","slug":"accueil","status":"publish","type":"page","link":"https:\/\/antoinix.be\/","title":{"rendered":"Accueil"},"content":{"rendered":"<p align=\"justify\"><b><u>Qui somme nous ? <\/u><\/b><\/p>\n<p align=\"justify\">Un groupe d\u2019utilisateurs de logiciels libres (G.U.L.L.) situ\u00e9 \u00e0 Antoing, en Belgique<b>. <\/b>L&rsquo;origine du nom Antoinix vient de la contraction de <b>Antoin<\/b>g et de L<b>i<\/b>nux-Uni<b>x<\/b>, qui sont deux grands acteurs de la famille des syst\u00e8mes d&rsquo;exploitations libre<b>.<\/b><\/p>\n<p align=\"justify\"><b><u>Logiciels Libres ?<\/u><\/b><\/p>\n<p align=\"justify\">Un logiciel est dit libre s&rsquo;il respecte ce qu&rsquo;on appelle \u00ab\u00a0les 4 libert\u00e9s\u00a0\u00bb, \u00e0 savoir:<\/p>\n<ul>\n<li>001 utiliser le logiciel (Use)<\/li>\n<li>010 \u00e9tudier le code source du logiciel (Study)<\/li>\n<li>011 partager le logiciel (Share)<\/li>\n<li>100 am\u00e9liorer le logiciel (Improve)<\/li>\n<\/ul>\n<p align=\"justify\">Quelques logiciels libres c\u00e9l\u00e8bres: Mozilla Firefox (navigateur), VLC (Lecteur multim\u00e9dia), Ubuntu (Syst\u00e8me d&rsquo;Exploitation), Gimp (Graphisme), Libre Office (suite bureautique)&#8230;.<\/p>\n<p align=\"justify\"><b><u>Notre but<\/u><\/b><\/p>\n<p align=\"justify\">&#8230;.est tr\u00e8s simple: faire d\u00e9couvrir aux citoyens le monde des logiciels libres et proposer des alternatives aux syst\u00e8mes ferm\u00e9s \ud83d\ude42<\/p>\n<p align=\"justify\"><b><u>Activit\u00e9s<\/u><\/b><\/p>\n<p align=\"justify\">Nous proposons des ateliers de niveau d\u00e9butant et avanc\u00e9, au rythme de deux vendredi par mois, de 18 \u00e0 20h. Les participants peuvent amener des sujets \u00e0 aborder pendant les ateliers. Exemple: D\u00e9gafamis\u00e9 un GSM via Linux<\/p>\n<p align=\"justify\">Notez que pour les s\u00e9ances avanc\u00e9es, certains pr\u00e9requis sont n\u00e9cessaires.<\/p>\n<p align=\"justify\">Si vous souhaitez participer \u00e0 nos activit\u00e9s, nous vous conseillons d&rsquo;avoir une connaissance g\u00e9n\u00e9rale dans l&rsquo;utilisation d&rsquo;un ordinateur, notre vocation n&rsquo;\u00e9tant pas l&rsquo;apprentissage des bases de l&rsquo;informatique.<\/p>\n<p align=\"justify\"><b><u>Pour qui ?<\/u><\/b><\/p>\n<p align=\"justify\">Notre club est accessible \u00e0 toute personne \u00e2g\u00e9e de minimum 16 ans. Malheureusement la configuration des lieux ne nous permet pas d&rsquo;accueillir des personnes \u00e0 mobilit\u00e9 r\u00e9duite.<\/p>\n<p align=\"justify\"><span style=\"text-decoration: underline;\"><strong>Adresse<\/strong><\/span><\/p>\n<p align=\"justify\">Notre atelier se trouver au sein du Foyer Socio Culturel d&rsquo;Antoing (23 rue du Burg, 7640 Antoing), dans la province du Hainaut Occidental en Belgique.<\/p>\n<p>L&rsquo;acc\u00e8s est ais\u00e9 en train: la gare d&rsquo;Antoing se situe a quelques minutes \u00e0 pieds du Foyer, les trains sont cadenc\u00e9s \u00e0 l&rsquo;heure et circulent jusque 22h27&prime;. Plus d&rsquo;info sur le site de la SNCB <a href=\"https:\/\/www.belgiantrain.be\/fr\">https:\/\/belgiantrain.be<\/a><\/p>\n<p>&nbsp;<\/p>\n<p>Il est \u00e9galement possible de venir en voiture et de se garer sur la place communale d&rsquo;Antoing, situ\u00e9e \u00e0 quelque pas du Foyer.<\/p>\n<p align=\"justify\">\n","protected":false},"excerpt":{"rendered":"<p>Qui somme nous ? Un groupe d\u2019utilisateurs de logiciels libres (G.U.L.L.) situ\u00e9 \u00e0 Antoing, en Belgique. L&rsquo;origine du nom Antoinix vient de la contraction de Antoing et de Linux-Unix, qui sont deux grands acteurs de la famille des syst\u00e8mes d&rsquo;exploitations libre. Logiciels Libres ? Un logiciel est dit libre s&rsquo;il respecte ce qu&rsquo;on appelle \u00ab\u00a0les [&hellip;]<\/p>\n","protected":false},"author":1,"featured_media":0,"parent":0,"menu_order":0,"comment_status":"closed","ping_status":"closed","template":"","meta":{"footnotes":""},"class_list":["post-34","page","type-page","status-publish","hentry"],"_links":{"self":[{"href":"https:\/\/antoinix.be\/index.php?rest_route=\/wp\/v2\/pages\/34","targetHints":{"allow":["GET"]}}],"collection":[{"href":"https:\/\/antoinix.be\/index.php?rest_route=\/wp\/v2\/pages"}],"about":[{"href":"https:\/\/antoinix.be\/index.php?rest_route=\/wp\/v2\/types\/page"}],"author":[{"embeddable":true,"href":"https:\/\/antoinix.be\/index.php?rest_route=\/wp\/v2\/users\/1"}],"replies":[{"embeddable":true,"href":"https:\/\/antoinix.be\/index.php?rest_route=%2Fwp%2Fv2%2Fcomments&post=34"}],"version-history":[{"count":16,"href":"https:\/\/antoinix.be\/index.php?rest_route=\/wp\/v2\/pages\/34\/revisions"}],"predecessor-version":[{"id":91,"href":"https:\/\/antoinix.be\/index.php?rest_route=\/wp\/v2\/pages\/34\/revisions\/91"}],"wp:attachment":[{"href":"https:\/\/antoinix.be\/index.php?rest_route=%2Fwp%2Fv2%2Fmedia&parent=34"}],"curies":[{"name":"wp","href":"https:\/\/api.w.org\/{rel}","templated":true}]}}